{"id":723,"date":"2020-04-28T10:50:45","date_gmt":"2020-04-28T10:50:45","guid":{"rendered":"https:\/\/hotellascamelias.com\/?page_id=723"},"modified":"2020-07-08T07:15:36","modified_gmt":"2020-07-08T07:15:36","slug":"privacy-policy","status":"publish","type":"page","link":"https:\/\/hotellascamelias.com\/en\/privacy-policy\/","title":{"rendered":"Privacy Policy"},"content":{"rendered":"\t\t<div data-elementor-type=\"wp-page\" data-elementor-id=\"723\" class=\"elementor elementor-723\" data-elementor-post-type=\"page\">\n\t\t\t\t\t\t<section class=\"elementor-section elementor-top-section elementor-element elementor-element-45b24071 elementor-section-boxed elementor-section-height-default elementor-section-height-default\" data-id=\"45b24071\" data-element_type=\"section\">\n\t\t\t\t\t\t<div class=\"elementor-container elementor-column-gap-default\">\n\t\t\t\t\t<div class=\"aux-parallax-section elementor-column elementor-col-100 elementor-top-column elementor-element elementor-element-49bf53a9\" data-id=\"49bf53a9\" data-element_type=\"column\">\n\t\t\t<div class=\"elementor-widget-wrap elementor-element-populated\">\n\t\t\t\t\t\t<div class=\"elementor-element elementor-element-279a0a86 elementor-widget elementor-widget-text-editor\" data-id=\"279a0a86\" data-element_type=\"widget\" data-widget_type=\"text-editor.default\">\n\t\t\t\t<div class=\"elementor-widget-container\">\n\t\t\t\t\t\t\t\t\t<h1><span style=\"color: #000000;\">AVISO LEGAL<\/span><\/h1>\nINFORMACI\u00d3N EN CUMPLIMIENTO DE LA LEY 34\/2002, DE 11 DE JULIO\nDe conformidad con lo establecido en el Art\u00edculo 10 de la Ley 34\/2002, de 11 de julio, de Servicios de la Sociedad de la Informaci\u00f3n y de Comercio electr\u00f3nico, le informamos que el titular del sitio web www.hotellascamelias.com es Jose Enrique Gallardo Le\u00f3n con:\nCIF: 25562966F\nN\u00famero de Registro Turismo de Andaluc\u00eda:\u00a0(H-CA-434 Mod Playa)\n\nPuede contactar en la siguiente direcci\u00f3n: Av\/ Mar del Sur, 16 Puerto Deportivo de Sotogrande Torreguadiaro &#8211; 11312 (C\u00e1diz)\nTel\u00e9fono: (+34) 956 615 065\nDirecci\u00f3n de correo electr\u00f3nico: info@hotellascamelias.com\n<h2>PRINCIPIO DE INFORMACI\u00d3N Y CONSENTIMIENTO<\/h2>\nDe conformidad con lo establecido en los art\u00edculos 5 y 6 de la Ley Org\u00e1nica 15\/1999 de 13 de diciembre de Protecci\u00f3n de Datos de Car\u00e1cter Personal, le informamos que los datos de car\u00e1cter personal que voluntariamente nos facilite a trav\u00e9s de los distintos formularios de entrada dispuestos al efecto en la Web www.hotellascamelias.com , o en cualquier otro canal de recogida de los mismos, ser\u00e1n incorporados al fichero denominado \u201cCLIENTES Y\/O PROVEEDORES\u201d, responsabilidad de Jose Enrique Gallardo Le\u00f3n con la finalidad de poder contactar con usted, el mantenimiento de la relaci\u00f3n contractual y\/o precontractual, la gesti\u00f3n interna Apartamento-cliente.\n<h2>FINALIDADES DE USO DE DATOS PERSONALES Y REVOCACI\u00d3N DEL CONSENTIMIENTO DEL CLIENTE\/USUARIO de la WEB<\/h2>\nwww.hotellascamelias.com al facilitar voluntariamente sus datos de car\u00e1cter personal a trav\u00e9s de los distintos formularios de entrada dispuestos al efecto en la Web, da su consentimiento expreso para que sus datos puedan ser utilizados en el env\u00edo de comunicaciones comerciales de nuestros apartamentos, CANTARES, en los sectores de alojamiento, restauraci\u00f3n, ocio e inmobiliarios por cualquier medio presente o futuro (sms, correo electr\u00f3nico, fax, redes sociales, etc.). Igualmente, los mismos ser\u00e1n utilizados para responder a cualquier consulta que nos formule y para gestionar los encargos o solicitudes en los formularios de recogida de datos. A tal efecto usaremos cookies con su consentimiento siguiendo la pol\u00edtica indicada m\u00e1s adelante.\n\nTodos los datos solicitados con asterisco a trav\u00e9s de los formularios Web son obligatorios. En caso de no ser facilitados, Jose Enrique Gallardo Le\u00f3n no garantiza que los servicios prestados se ajusten completamente a sus necesidades.\n\nEn la medida necesaria para la correcta prestaci\u00f3n de los servicios solicitados, los datos personales facilitados ser\u00e1n comunicados entre las empresas de Jose Enrique Gallardo Le\u00f3n aplicando en todo momento la legislaci\u00f3n en vigor en materia de protecci\u00f3n de datos personales.\n\nEl consentimiento se entender\u00e1 prestado en tanto no nos comunique expresamente la revocaci\u00f3n del mismo a alguno de los tratamientos indicados anteriormente. A tal efecto, EL CLIENTE\/USUARIO podr\u00e1 darse de baja de cualquiera de los servicios contratados haciendo \u201cclic\u201d en la casilla que acompa\u00f1a a cualquier comunicaci\u00f3n electr\u00f3nica, en la p\u00e1gina web o en las direcciones de correo electr\u00f3nico y postal abajo indicada.\n\nLos servicios de Jose Enrique Gallardo Le\u00f3n no est\u00e1n destinados a menores de 14 a\u00f1os sin el debido consentimiento de sus padres o tutores, por lo que Jose Enrique Gallardo Le\u00f3n no recoge ni solicita datos de menores de 14 a\u00f1os.\n\nVERACIDAD DE LOS DATOS PERSONALES\nEL CLIENTE\/USUARIO de la WEB www.hotellascamelias.com ser\u00e1 el \u00fanico responsable de la veracidad y exactitud de los datos aportados, actuando Jose Enrique Gallardo Le\u00f3n de buena fe como mero prestador del servicio. En caso de haber facilitado datos falsos o de terceras personas sin mediar su consentimiento para ello, Jose Enrique Gallardo Le\u00f3n se reserva el derecho a la destrucci\u00f3n inmediata de los citados datos a fin de proteger el derecho del titular o titulares de los mismos.\n\nEL CLIENTE\/USUARIO se compromete a utilizar la p\u00e1gina web y aquellos servicios puestos a su disposici\u00f3n a trav\u00e9s de la misma de manera acorde con la Ley, moral, buenas costumbres y orden p\u00fablico, as\u00ed como lo establecido en el presente documento. EL CLIENTE\/USUARIO queda obligado a no utilizar la p\u00e1gina web o sus servicios con fines o efectos il\u00edcitos o contrarios a lo establecido en estas normas.\n<h2>CUMPLIMIENTO DE MEDIDAS DE SEGURIDAD LOPD<\/h2>\nJose Enrique Gallardo Le\u00f3n se compromete al cumplimiento de su obligaci\u00f3n de secreto de los datos de car\u00e1cter personal y de su deber de guardarlos, y adoptar\u00e1 todas las medidas de \u00edndole t\u00e9cnica y organizativa para garantizar la seguridad de los datos de car\u00e1cter personal y evitar su alteraci\u00f3n, p\u00e9rdida, tratamiento o acceso no autorizado, habida cuenta del estado de la tecnolog\u00eda, la naturaleza de los datos almacenados y los riesgos a que est\u00e9n expuestos, todo ello de conformidad con lo establecido en el Real Decreto 1720\/2007.\n<h2>USO DE COOKIES Y HERRAMIENTAS DE EVALUACI\u00d3N Y CONTROL<\/h2>\nJose Enrique Gallardo Le\u00f3n recoge informaci\u00f3n a trav\u00e9s de dispositivos como cookies o ficheros log sobre la navegaci\u00f3n de los CLIENTES\/USUARIOS de la web. Estos dispositivos se asocian a un \u00fanico CLIENTE\/USUARIO y su propio ordenador personal.\nJose Enrique Gallardo Le\u00f3n s\u00f3lo utilizar\u00e1 estos datos con \u00e1nimo de mejorar los servicios. Si usted no desea el uso de cookies por nuestra parte, puede desactivar las mismas mediante la programaci\u00f3n correspondiente de su programa de gesti\u00f3n de internet.\nJose Enrique Gallardo Le\u00f3n puede utilizar enlaces de publicidad con p\u00e1ginas web de terceros que no supone la asunci\u00f3n de ninguna responsabilidad por nuestra parte sobre el contenido y legalidad de esa p\u00e1gina web tercera.\nTodo el sitio Web de www.hotellascamelias.com disponen de las medidas de seguridad de la informaci\u00f3n, generalmente utilizadas por ejemplo: firewalls, procedimientos de control de acceso y mecanismos criptogr\u00e1ficos, con el objeto de evitar el acceso no autorizado a los datos facilitados.\n<h2>EJERCICIO DE DERECHOS ARCO: ACCESO, RECTIFICACI\u00d3N, CANCELACI\u00d3N Y OPOSICI\u00d3N\nEL CLIENTE de la WEB<\/h2>\nwww.hotellascamelias.com podr\u00e1 en cualquier momento ejercer sus derechos de acceso, rectificaci\u00f3n, cancelaci\u00f3n y oposici\u00f3n en los t\u00e9rminos establecidos en la Ley Org\u00e1nica 15\/1999, dirigi\u00e9ndose a Jose Enrique Gallardo Le\u00f3n, en la siguiente direcci\u00f3n: &#8230; o en el correo electr\u00f3nico info@hotellascamelias.com\n\nMODIFICACI\u00d3N DE NORMAS DE USO\nJose Enrique Gallardo Le\u00f3n se reserva el derecho de modificar las normas de uso de sus web en el inter\u00e9s del usuario y con la finalidad de prestar el mejor servicio posible dentro de la legalidad vigente.\n<h2>PROPIEDAD INTELECTUAL Y DERECHOS DE AUTOR<\/h2>\nTodos los contenidos y dise\u00f1os gr\u00e1ficos contenidos en la p\u00e1gina web www.hotellascamelias.com, incluyendo los c\u00f3digos de lenguaje HTML, JAVA, JAVA script o Active X, est\u00e1n sometidos a la legislaci\u00f3n sobre derechos de autor y protecci\u00f3n de la propiedad intelectual, por lo que los usuarios disponen del derecho exclusivo de uso en la medida necesaria para la correcta prestaci\u00f3n de servicios dentro del objeto social de nuestras empresas. No se permite su distribuci\u00f3n, cesi\u00f3n, modificaci\u00f3n o cualquier otro acto, sin la autorizaci\u00f3n previa por escrito de Jose Enrique Gallardo Le\u00f3n\n<h2>LEY APLICABLE Y JURISDICCI\u00d3N COMPETENTE<\/h2>\nLas pol\u00edticas de uso y protecci\u00f3n de datos de la p\u00e1gina web se rigen por la legislaci\u00f3n Espa\u00f1ola. Ante cualquier controversia sobre su validez, ejecuci\u00f3n, cumplimiento o resoluci\u00f3n, Jose Enrique Gallardo Le\u00f3n y los CLIENTES\/USUARIOS se comprometen, con renuncia expresa de su fuero propio o a cualquier otro que, en su caso, pudiera corresponderles, a someterse a la competencia de los juzgados y Tribunales de Madrid. Constituye este contrato la expresi\u00f3n completa e integra del acuerdo entre Jose Enrique Gallardo Le\u00f3n, y el CLIENTE\/USUARIO, y sustituye a todos los anteriores pactos, compromisos, manifestaciones o acuerdos, tanto escritos como orales, que hayan existido previamente entre ambos.\t\t\t\t\t\t\t\t<\/div>\n\t\t\t\t<\/div>\n\t\t\t\t\t<\/div>\n\t\t<\/div>\n\t\t\t\t\t<\/div>\n\t\t<\/section>\n\t\t\t\t<\/div>\n\t\t","protected":false},"excerpt":{"rendered":"<p>AVISO LEGAL INFORMACI\u00d3N EN CUMPLIMIENTO DE LA LEY 34\/2002, DE 11 DE JULIO De conformidad con lo establecido en el Art\u00edculo 10 de la Ley 34\/2002, de 11 de julio, de Servicios de la Sociedad de la Informaci\u00f3n y de Comercio electr\u00f3nico, le informamos que el titular del sitio web www.hotellascamelias.com es Jose Enrique Gallardo [&hellip;]<\/p>\n","protected":false},"author":2,"featured_media":0,"parent":0,"menu_order":0,"comment_status":"closed","ping_status":"open","template":"","meta":{"footnotes":""},"class_list":["post-723","page","type-page","status-publish","hentry"],"yoast_head":"<!-- This site is optimized with the Yoast SEO plugin v25.0 - https:\/\/yoast.com\/wordpress\/plugins\/seo\/ -->\n<title>Privacy Policy - Hotel las Camelias<\/title>\n<meta name=\"robots\" content=\"index, follow, max-snippet:-1, max-image-preview:large, max-video-preview:-1\" \/>\n<link rel=\"canonical\" href=\"https:\/\/hotellascamelias.com\/privacy-policy\/\" \/>\n<meta property=\"og:locale\" content=\"en_US\" \/>\n<meta property=\"og:type\" content=\"article\" \/>\n<meta property=\"og:title\" content=\"Privacy Policy - Hotel las Camelias\" \/>\n<meta property=\"og:description\" content=\"AVISO LEGAL INFORMACI\u00d3N EN CUMPLIMIENTO DE LA LEY 34\/2002, DE 11 DE JULIO De conformidad con lo establecido en el Art\u00edculo 10 de la Ley 34\/2002, de 11 de julio, de Servicios de la Sociedad de la Informaci\u00f3n y de Comercio electr\u00f3nico, le informamos que el titular del sitio web www.hotellascamelias.com es Jose Enrique Gallardo [&hellip;]\" \/>\n<meta property=\"og:url\" content=\"https:\/\/hotellascamelias.com\/privacy-policy\/\" \/>\n<meta property=\"og:site_name\" content=\"Hotel las Camelias\" \/>\n<meta property=\"article:modified_time\" content=\"2020-07-08T07:15:36+00:00\" \/>\n<meta name=\"twitter:card\" content=\"summary_large_image\" \/>\n<meta name=\"twitter:label1\" content=\"Est. reading time\" \/>\n\t<meta name=\"twitter:data1\" content=\"7 minutes\" \/>\n<script type=\"application\/ld+json\" class=\"yoast-schema-graph\">{\"@context\":\"https:\/\/schema.org\",\"@graph\":[{\"@type\":\"WebPage\",\"@id\":\"https:\/\/hotellascamelias.com\/privacy-policy\/\",\"url\":\"https:\/\/hotellascamelias.com\/privacy-policy\/\",\"name\":\"Privacy Policy - Hotel las Camelias\",\"isPartOf\":{\"@id\":\"https:\/\/hotellascamelias.com\/#website\"},\"datePublished\":\"2020-04-28T10:50:45+00:00\",\"dateModified\":\"2020-07-08T07:15:36+00:00\",\"breadcrumb\":{\"@id\":\"https:\/\/hotellascamelias.com\/privacy-policy\/#breadcrumb\"},\"inLanguage\":\"en-US\",\"potentialAction\":[{\"@type\":\"ReadAction\",\"target\":[\"https:\/\/hotellascamelias.com\/privacy-policy\/\"]}]},{\"@type\":\"BreadcrumbList\",\"@id\":\"https:\/\/hotellascamelias.com\/privacy-policy\/#breadcrumb\",\"itemListElement\":[{\"@type\":\"ListItem\",\"position\":1,\"name\":\"Portada\",\"item\":\"https:\/\/hotellascamelias.com\/home-2\/\"},{\"@type\":\"ListItem\",\"position\":2,\"name\":\"Privacy Policy\"}]},{\"@type\":\"WebSite\",\"@id\":\"https:\/\/hotellascamelias.com\/#website\",\"url\":\"https:\/\/hotellascamelias.com\/\",\"name\":\"Hotel las Camelias\",\"description\":\"\",\"publisher\":{\"@id\":\"https:\/\/hotellascamelias.com\/#organization\"},\"potentialAction\":[{\"@type\":\"SearchAction\",\"target\":{\"@type\":\"EntryPoint\",\"urlTemplate\":\"https:\/\/hotellascamelias.com\/?s={search_term_string}\"},\"query-input\":{\"@type\":\"PropertyValueSpecification\",\"valueRequired\":true,\"valueName\":\"search_term_string\"}}],\"inLanguage\":\"en-US\"},{\"@type\":\"Organization\",\"@id\":\"https:\/\/hotellascamelias.com\/#organization\",\"name\":\"Hotel las Camelias\",\"url\":\"https:\/\/hotellascamelias.com\/\",\"logo\":{\"@type\":\"ImageObject\",\"inLanguage\":\"en-US\",\"@id\":\"https:\/\/hotellascamelias.com\/#\/schema\/logo\/image\/\",\"url\":\"https:\/\/hotellascamelias.com\/wp-content\/uploads\/2020\/04\/cropped-logo_transp.png\",\"contentUrl\":\"https:\/\/hotellascamelias.com\/wp-content\/uploads\/2020\/04\/cropped-logo_transp.png\",\"width\":164,\"height\":60,\"caption\":\"Hotel las Camelias\"},\"image\":{\"@id\":\"https:\/\/hotellascamelias.com\/#\/schema\/logo\/image\/\"}}]}<\/script>\n<!-- \/ Yoast SEO plugin. -->","yoast_head_json":{"title":"Privacy Policy - Hotel las Camelias","robots":{"index":"index","follow":"follow","max-snippet":"max-snippet:-1","max-image-preview":"max-image-preview:large","max-video-preview":"max-video-preview:-1"},"canonical":"https:\/\/hotellascamelias.com\/privacy-policy\/","og_locale":"en_US","og_type":"article","og_title":"Privacy Policy - Hotel las Camelias","og_description":"AVISO LEGAL INFORMACI\u00d3N EN CUMPLIMIENTO DE LA LEY 34\/2002, DE 11 DE JULIO De conformidad con lo establecido en el Art\u00edculo 10 de la Ley 34\/2002, de 11 de julio, de Servicios de la Sociedad de la Informaci\u00f3n y de Comercio electr\u00f3nico, le informamos que el titular del sitio web www.hotellascamelias.com es Jose Enrique Gallardo [&hellip;]","og_url":"https:\/\/hotellascamelias.com\/privacy-policy\/","og_site_name":"Hotel las Camelias","article_modified_time":"2020-07-08T07:15:36+00:00","twitter_card":"summary_large_image","twitter_misc":{"Est. reading time":"7 minutes"},"schema":{"@context":"https:\/\/schema.org","@graph":[{"@type":"WebPage","@id":"https:\/\/hotellascamelias.com\/privacy-policy\/","url":"https:\/\/hotellascamelias.com\/privacy-policy\/","name":"Privacy Policy - Hotel las Camelias","isPartOf":{"@id":"https:\/\/hotellascamelias.com\/#website"},"datePublished":"2020-04-28T10:50:45+00:00","dateModified":"2020-07-08T07:15:36+00:00","breadcrumb":{"@id":"https:\/\/hotellascamelias.com\/privacy-policy\/#breadcrumb"},"inLanguage":"en-US","potentialAction":[{"@type":"ReadAction","target":["https:\/\/hotellascamelias.com\/privacy-policy\/"]}]},{"@type":"BreadcrumbList","@id":"https:\/\/hotellascamelias.com\/privacy-policy\/#breadcrumb","itemListElement":[{"@type":"ListItem","position":1,"name":"Portada","item":"https:\/\/hotellascamelias.com\/home-2\/"},{"@type":"ListItem","position":2,"name":"Privacy Policy"}]},{"@type":"WebSite","@id":"https:\/\/hotellascamelias.com\/#website","url":"https:\/\/hotellascamelias.com\/","name":"Hotel las Camelias","description":"","publisher":{"@id":"https:\/\/hotellascamelias.com\/#organization"},"potentialAction":[{"@type":"SearchAction","target":{"@type":"EntryPoint","urlTemplate":"https:\/\/hotellascamelias.com\/?s={search_term_string}"},"query-input":{"@type":"PropertyValueSpecification","valueRequired":true,"valueName":"search_term_string"}}],"inLanguage":"en-US"},{"@type":"Organization","@id":"https:\/\/hotellascamelias.com\/#organization","name":"Hotel las Camelias","url":"https:\/\/hotellascamelias.com\/","logo":{"@type":"ImageObject","inLanguage":"en-US","@id":"https:\/\/hotellascamelias.com\/#\/schema\/logo\/image\/","url":"https:\/\/hotellascamelias.com\/wp-content\/uploads\/2020\/04\/cropped-logo_transp.png","contentUrl":"https:\/\/hotellascamelias.com\/wp-content\/uploads\/2020\/04\/cropped-logo_transp.png","width":164,"height":60,"caption":"Hotel las Camelias"},"image":{"@id":"https:\/\/hotellascamelias.com\/#\/schema\/logo\/image\/"}}]}},"_links":{"self":[{"href":"https:\/\/hotellascamelias.com\/en\/wp-json\/wp\/v2\/pages\/723","targetHints":{"allow":["GET"]}}],"collection":[{"href":"https:\/\/hotellascamelias.com\/en\/wp-json\/wp\/v2\/pages"}],"about":[{"href":"https:\/\/hotellascamelias.com\/en\/wp-json\/wp\/v2\/types\/page"}],"author":[{"embeddable":true,"href":"https:\/\/hotellascamelias.com\/en\/wp-json\/wp\/v2\/users\/2"}],"replies":[{"embeddable":true,"href":"https:\/\/hotellascamelias.com\/en\/wp-json\/wp\/v2\/comments?post=723"}],"version-history":[{"count":4,"href":"https:\/\/hotellascamelias.com\/en\/wp-json\/wp\/v2\/pages\/723\/revisions"}],"predecessor-version":[{"id":915,"href":"https:\/\/hotellascamelias.com\/en\/wp-json\/wp\/v2\/pages\/723\/revisions\/915"}],"wp:attachment":[{"href":"https:\/\/hotellascamelias.com\/en\/wp-json\/wp\/v2\/media?parent=723"}],"curies":[{"name":"wp","href":"https:\/\/api.w.org\/{rel}","templated":true}]}}